{"id":1221,"date":"2022-01-20T22:53:01","date_gmt":"2022-01-20T21:53:01","guid":{"rendered":"http:\/\/www.mosthartl.at\/?page_id=1221"},"modified":"2022-02-04T14:29:43","modified_gmt":"2022-02-04T13:29:43","slug":"home-2","status":"publish","type":"page","link":"https:\/\/www.mosthartl.at\/","title":{"rendered":""},"content":{"rendered":"\n<div class=\"responsive-block-editor-addons-block-section-outer-wrap block-4852a4d1-da23-4059-b689-88243eabce5c background-type-image alignfull\"><section class=\"responsive-section-wrap responsive-block-editor-addons-block-section overlay-type-color linear\"><div class=\"responsive-section-inner-wrap\">\n<div class=\"block-dcd2eecc-c373-41ec-9cdd-7a8708766264 responsive-block-editor-addons-advanced-column-outer-wrap undefined\"><div class=\"responsive-block-editor-addons-advanced-column alignundefined\"><div class=\"responsive-columns-wrap responsive-block-editor-addons-block-columns responsive-columns__gap-default responsive-columns__stack-mobile responsive-columns__content-width-theme overlay-type-color linear\"><div class=\"responsive-columns-inner-wrap responsive-columns-columns-1\">\n<div class=\"responsive-block-editor-addons-advanced-column-child block-f43404b1-fe78-413f-a06e-a86595eb3e45\"><div class=\"responsive-column-wrap responsive-block-editor-addons-block-column\"><div class=\"responsive-column-inner-wrap overlay-type-color linear\">\n<div class=\"responsive-block-editor-addons-block-advanced-heading block-5dd0dc47-a29b-42c0-aee3-d905eb39c4e0\"><h2 class=\"responsive-heading-title-text\">Herzlich Willkommen!<\/h2><p class=\"responsive-heading-desc-text\"><strong>echt.guat. der Buschenschank.<\/strong><br>Vom selbstgebackenen Brot \u00fcber hochwertige regionale Spezialit\u00e4ten bis hin zu vorz\u00fcglichen Weinen \u2013 hier wird nur das Beste geboten.<br><br><strong>echt.guat. der Ab-Hof Verkauf.<\/strong><br>In unserem Ab-Hof Verkauf bieten wir ausschliesslich selbst hergestellte b\u00e4uerliche Qualit\u00e4tsprodukte an.<\/p><\/div>\n\n\n\n<div class=\"wp-block-responsive-block-editor-addons-buttons center tabletAligncenter mobileAligncenter responsive-block-editor-addons-block-button responsive-block-editor-addons-buttons__outer-wrap responsive-block-editor-addons-buttons-stack-none\"><div class=\"responsive-block-editor-addons-buttons__wrap responsive-block-editor-addons-buttons-layout-wrap\">\n<div class=\"wp-block-responsive-block-editor-addons-buttons-child popmake-1305 responsive-block-editor-addons-undefined responsive-block-editor-addons-buttons-child block-df70ec9d-6ebd-4798-b660-7be8a14ccd8e responsive-block-editor-addons-block-button responsive-block-editor-addons-buttons__outer-wrap\"><div class=\"responsive-block-editor-addons-1 responsive-block-editor-addons-button__wrapper responsive-block-editor-addons-button__effect-undefined\" data-rbea-inherit-wrapper=\"true\" data-inherit-from-theme=\"0\" data-local-timestamp=\"\" data-rbea-inherit-parent=\"self\" data-rbea-inherit-child=\".responsive-block-editor-addons-buttons-repeater\"><a class=\"responsive-block-editor-addons-buttons-repeater responsive-block-editor-addons-button__wrapper\" href=\"http:\/\/www.mosthartl.at\/?page_id=10\"><div class=\"responsive-block-editor-addons-button__link_child not-inherited-from-theme\">\u00d6ffnungszeiten<\/div><\/a><\/div><\/div>\n<\/div><\/div>\n<\/div><\/div><\/div>\n<\/div><\/div><\/div><\/div>\n<\/div><\/section><\/div>\n","protected":false},"excerpt":{"rendered":"","protected":false},"author":3,"featured_media":0,"parent":0,"menu_order":0,"comment_status":"closed","ping_status":"closed","template":"gutenberg-fullwidth.php","meta":{"footnotes":""},"class_list":["post-1221","page","type-page","status-publish","hentry"],"featured_image_src":"","featured_image_src_square":false,"rbea_author_info":{"display_name":"tw61","author_link":"https:\/\/www.mosthartl.at\/?author=3"},"rbea_excerpt_info":null,"_links":{"self":[{"href":"https:\/\/www.mosthartl.at\/index.php?rest_route=\/wp\/v2\/pages\/1221","targetHints":{"allow":["GET"]}}],"collection":[{"href":"https:\/\/www.mosthartl.at\/index.php?rest_route=\/wp\/v2\/pages"}],"about":[{"href":"https:\/\/www.mosthartl.at\/index.php?rest_route=\/wp\/v2\/types\/page"}],"author":[{"embeddable":true,"href":"https:\/\/www.mosthartl.at\/index.php?rest_route=\/wp\/v2\/users\/3"}],"replies":[{"embeddable":true,"href":"https:\/\/www.mosthartl.at\/index.php?rest_route=%2Fwp%2Fv2%2Fcomments&post=1221"}],"version-history":[{"count":52,"href":"https:\/\/www.mosthartl.at\/index.php?rest_route=\/wp\/v2\/pages\/1221\/revisions"}],"predecessor-version":[{"id":1465,"href":"https:\/\/www.mosthartl.at\/index.php?rest_route=\/wp\/v2\/pages\/1221\/revisions\/1465"}],"wp:attachment":[{"href":"https:\/\/www.mosthartl.at\/index.php?rest_route=%2Fwp%2Fv2%2Fmedia&parent=1221"}],"curies":[{"name":"wp","href":"https:\/\/api.w.org\/{rel}","templated":true}]}}