{"id":6,"date":"2010-02-02T13:40:14","date_gmt":"2010-02-02T13:40:14","guid":{"rendered":"http:\/\/www.mosthartl.at\/?page_id=6"},"modified":"2022-02-03T22:44:23","modified_gmt":"2022-02-03T21:44:23","slug":"buschenschank","status":"publish","type":"page","link":"https:\/\/www.mosthartl.at\/?page_id=6","title":{"rendered":"Buschenschank"},"content":{"rendered":"\n<h3 class=\"wp-block-heading\" id=\"1-gria%C3%9F-di-und-gria%C3%9F-eich\">Gria\u00df di und Gria\u00df Eich<\/h3>\n\n\n\n<p>In einer Bauzeit von nur acht Monaten wurde unser Buschenschank am 26. Mai 2000 zum ersten Mal aufgesperrt. Recht m\u00fchsam und liebevoll wurde in dem ehemaligen Kuh- und Schweinestall ein Buschenschanklokal integriert. Unser Buschenschank besteht aus zwei durch Rundb\u00f6gen getrennten R\u00e4umlichkeiten und einer Terrasse (Wintergarten) und bietet ca. 150 Personen Platz.<\/p>\n\n\n\n<p>Wir sind sehr darum bem\u00fcht, unseren Buschenschank immer im frischen und hellen Glanz f\u00fcr unsere G\u00e4ste erscheinen zu lassen!<\/p>\n\n\n\n<p>Unsere Getr\u00e4nkepalette erstreckt sich von diversen S\u00e4ften, Nektaren, Mosten, Weiss- und Rotweinen bis hin zum Uhudler, Edelbr\u00e4nden und Fruchtlik\u00f6ren.<\/p>\n\n\n\n<p>Wir sind sehr darauf bedacht, unseren G\u00e4sten in gem\u00fctlicher Atmosph\u00e4re ein traditionelles, s\u00fcdburgenl\u00e4ndisches Speisenangebot anzubieten. Die Jaus&#8217;n ist sehr vielseitig und schmackhaft und wird, wie unser Holzofen-Bauernbrot, t\u00e4glich frisch zubereitet.<\/p>\n\n\n\n<p>F\u00fcr unsere kleinen G\u00e4ste gibt es selbstverst\u00e4ndlich auch verschiedene Speisenangebote und zum Austoben einen eingez\u00e4unten, abgesicherten Kinderspielplatz.<\/p>\n\n\n\n<h2 class=\"wp-block-heading\" id=\"2--werfen-sie-einen-blick-auf-unsere-speisekarte-\"><a href=\"http:\/\/www.mosthartl.at\/?page_id=828\">Werfen Sie einen Blick auf unsere Speisekarte<\/a><\/h2>\n\n\n<div class=\"rl-gallery-container rl-loading\" id=\"rl-gallery-container-1\" data-gallery_id=\"1425\"> <div class=\"rl-gallery rl-basicgrid-gallery \" id=\"rl-gallery-1\" data-gallery_no=\"1\"> <div class=\"rl-gallery-item\"><a href=\"https:\/\/www.mosthartl.at\/wp-content\/uploads\/2010\/02\/g9.jpg\" title=\"\" data-rl_title=\"\" class=\"rl-gallery-link\" data-rl_caption=\"\" data-rel=\"lightbox-gallery-1\"><img loading=\"lazy\" decoding=\"async\" src=\"https:\/\/www.mosthartl.at\/wp-content\/uploads\/2010\/02\/g9-300x168.jpg\" width=\"300\" height=\"168\" alt=\"\" \/><\/a><\/div><div class=\"rl-gallery-item\"><a href=\"https:\/\/www.mosthartl.at\/wp-content\/uploads\/2010\/02\/g8.jpg\" title=\"\" data-rl_title=\"\" class=\"rl-gallery-link\" data-rl_caption=\"\" data-rel=\"lightbox-gallery-1\"><img loading=\"lazy\" decoding=\"async\" src=\"https:\/\/www.mosthartl.at\/wp-content\/uploads\/2010\/02\/g8-300x168.jpg\" width=\"300\" height=\"168\" alt=\"\" \/><\/a><\/div><div class=\"rl-gallery-item\"><a href=\"https:\/\/www.mosthartl.at\/wp-content\/uploads\/2010\/02\/g7.jpg\" title=\"\" data-rl_title=\"\" class=\"rl-gallery-link\" data-rl_caption=\"\" data-rel=\"lightbox-gallery-1\"><img loading=\"lazy\" decoding=\"async\" src=\"https:\/\/www.mosthartl.at\/wp-content\/uploads\/2010\/02\/g7-300x168.jpg\" width=\"300\" height=\"168\" alt=\"\" \/><\/a><\/div><div class=\"rl-gallery-item\"><a href=\"https:\/\/www.mosthartl.at\/wp-content\/uploads\/2010\/02\/g6.jpg\" title=\"\" data-rl_title=\"\" class=\"rl-gallery-link\" data-rl_caption=\"\" data-rel=\"lightbox-gallery-1\"><img loading=\"lazy\" decoding=\"async\" src=\"https:\/\/www.mosthartl.at\/wp-content\/uploads\/2010\/02\/g6-300x168.jpg\" width=\"300\" height=\"168\" alt=\"\" \/><\/a><\/div><div class=\"rl-gallery-item\"><a href=\"https:\/\/www.mosthartl.at\/wp-content\/uploads\/2010\/02\/g4.jpg\" title=\"\" data-rl_title=\"\" class=\"rl-gallery-link\" data-rl_caption=\"\" data-rel=\"lightbox-gallery-1\"><img loading=\"lazy\" decoding=\"async\" src=\"https:\/\/www.mosthartl.at\/wp-content\/uploads\/2010\/02\/g4-300x168.jpg\" width=\"300\" height=\"168\" alt=\"\" \/><\/a><\/div><div class=\"rl-gallery-item\"><a href=\"https:\/\/www.mosthartl.at\/wp-content\/uploads\/2010\/02\/u1a.jpg\" title=\"\" data-rl_title=\"\" class=\"rl-gallery-link\" data-rl_caption=\"\" data-rel=\"lightbox-gallery-1\"><img loading=\"lazy\" decoding=\"async\" src=\"https:\/\/www.mosthartl.at\/wp-content\/uploads\/2010\/02\/u1a-300x168.jpg\" width=\"300\" height=\"168\" alt=\"\" \/><\/a><\/div><div class=\"rl-gallery-item\"><a href=\"https:\/\/www.mosthartl.at\/wp-content\/uploads\/2010\/02\/g3.jpg\" title=\"\" data-rl_title=\"\" class=\"rl-gallery-link\" data-rl_caption=\"\" data-rel=\"lightbox-gallery-1\"><img loading=\"lazy\" decoding=\"async\" src=\"https:\/\/www.mosthartl.at\/wp-content\/uploads\/2010\/02\/g3-300x168.jpg\" width=\"300\" height=\"168\" alt=\"\" \/><\/a><\/div><div class=\"rl-gallery-item\"><a href=\"https:\/\/www.mosthartl.at\/wp-content\/uploads\/2010\/02\/g11.jpg\" title=\"\" data-rl_title=\"\" class=\"rl-gallery-link\" data-rl_caption=\"\" data-rel=\"lightbox-gallery-1\"><img loading=\"lazy\" decoding=\"async\" src=\"https:\/\/www.mosthartl.at\/wp-content\/uploads\/2010\/02\/g11-300x168.jpg\" width=\"300\" height=\"168\" alt=\"\" \/><\/a><\/div><div class=\"rl-gallery-item\"><a href=\"https:\/\/www.mosthartl.at\/wp-content\/uploads\/2010\/02\/g2.jpg\" title=\"\" data-rl_title=\"\" class=\"rl-gallery-link\" data-rl_caption=\"\" data-rel=\"lightbox-gallery-1\"><img loading=\"lazy\" decoding=\"async\" src=\"https:\/\/www.mosthartl.at\/wp-content\/uploads\/2010\/02\/g2-300x168.jpg\" width=\"300\" height=\"168\" alt=\"\" \/><\/a><\/div><div class=\"rl-gallery-item\"><a href=\"https:\/\/www.mosthartl.at\/wp-content\/uploads\/2010\/02\/s4.jpg\" title=\"\" data-rl_title=\"\" class=\"rl-gallery-link\" data-rl_caption=\"\" data-rel=\"lightbox-gallery-1\"><img loading=\"lazy\" decoding=\"async\" src=\"https:\/\/www.mosthartl.at\/wp-content\/uploads\/2010\/02\/s4-300x168.jpg\" width=\"300\" height=\"168\" alt=\"\" \/><\/a><\/div><div class=\"rl-gallery-item\"><a href=\"https:\/\/www.mosthartl.at\/wp-content\/uploads\/2010\/02\/s5.jpg\" title=\"\" data-rl_title=\"\" class=\"rl-gallery-link\" data-rl_caption=\"\" data-rel=\"lightbox-gallery-1\"><img loading=\"lazy\" decoding=\"async\" src=\"https:\/\/www.mosthartl.at\/wp-content\/uploads\/2010\/02\/s5-300x168.jpg\" width=\"300\" height=\"168\" alt=\"\" \/><\/a><\/div><div class=\"rl-gallery-item\"><a href=\"https:\/\/www.mosthartl.at\/wp-content\/uploads\/2010\/02\/s6.jpg\" title=\"\" data-rl_title=\"\" class=\"rl-gallery-link\" data-rl_caption=\"\" data-rel=\"lightbox-gallery-1\"><img loading=\"lazy\" decoding=\"async\" src=\"https:\/\/www.mosthartl.at\/wp-content\/uploads\/2010\/02\/s6-300x168.jpg\" width=\"300\" height=\"168\" alt=\"\" \/><\/a><\/div> <\/div> <\/div>\n","protected":false},"excerpt":{"rendered":"<p>Gria\u00df di und Gria\u00df Eich In einer Bauzeit von nur acht Monaten wurde unser Buschenschank am 26. Mai 2000 zum ersten Mal aufgesperrt. Recht m\u00fchsam und liebevoll wurde in dem ehemaligen Kuh- und Schweinestall ein Buschenschanklokal integriert. Unser Buschenschank besteht &hellip;<\/p>\n<p class=\"read-more\"> <a class=\"more-link\" href=\"https:\/\/www.mosthartl.at\/?page_id=6\"> <span class=\"screen-reader-text\">Buschenschank<\/span> Weiterlesen &raquo;<\/a><\/p>\n","protected":false},"author":6,"featured_media":0,"parent":0,"menu_order":0,"comment_status":"closed","ping_status":"closed","template":"","meta":{"footnotes":""},"class_list":["post-6","page","type-page","status-publish","hentry"],"featured_image_src":"","featured_image_src_square":false,"rbea_author_info":{"display_name":"Reinhard","author_link":"https:\/\/www.mosthartl.at\/?author=6"},"rbea_excerpt_info":"Gria\u00df di und Gria\u00df Eich In einer Bauzeit von nur acht Monaten wurde unser Buschenschank am 26. Mai 2000 zum ersten Mal aufgesperrt. Recht m\u00fchsam und liebevoll wurde in dem ehemaligen Kuh- und Schweinestall ein Buschenschanklokal integriert. Unser Buschenschank besteht &hellip;<p class=\"read-more\"> <a class=\"more-link\" href=\"https:\/\/www.mosthartl.at\/?page_id=6\"> <span class=\"screen-reader-text\">Buschenschank<\/span> Weiterlesen &raquo;<\/a><\/p>","_links":{"self":[{"href":"https:\/\/www.mosthartl.at\/index.php?rest_route=\/wp\/v2\/pages\/6","targetHints":{"allow":["GET"]}}],"collection":[{"href":"https:\/\/www.mosthartl.at\/index.php?rest_route=\/wp\/v2\/pages"}],"about":[{"href":"https:\/\/www.mosthartl.at\/index.php?rest_route=\/wp\/v2\/types\/page"}],"author":[{"embeddable":true,"href":"https:\/\/www.mosthartl.at\/index.php?rest_route=\/wp\/v2\/users\/6"}],"replies":[{"embeddable":true,"href":"https:\/\/www.mosthartl.at\/index.php?rest_route=%2Fwp%2Fv2%2Fcomments&post=6"}],"version-history":[{"count":44,"href":"https:\/\/www.mosthartl.at\/index.php?rest_route=\/wp\/v2\/pages\/6\/revisions"}],"predecessor-version":[{"id":1428,"href":"https:\/\/www.mosthartl.at\/index.php?rest_route=\/wp\/v2\/pages\/6\/revisions\/1428"}],"wp:attachment":[{"href":"https:\/\/www.mosthartl.at\/index.php?rest_route=%2Fwp%2Fv2%2Fmedia&parent=6"}],"curies":[{"name":"wp","href":"https:\/\/api.w.org\/{rel}","templated":true}]}}