{"id":8,"date":"2010-02-02T13:40:45","date_gmt":"2010-02-02T13:40:45","guid":{"rendered":"http:\/\/www.mosthartl.at\/?page_id=8"},"modified":"2022-02-03T22:48:22","modified_gmt":"2022-02-03T21:48:22","slug":"ab-hof-verkauf","status":"publish","type":"page","link":"https:\/\/www.mosthartl.at\/?page_id=8","title":{"rendered":"Ab-Hof Verkauf"},"content":{"rendered":"\n<h3 class=\"wp-block-heading\" id=\"schmankerl-zum-mitnehmen\">Schmankerl zum Mitnehmen<\/h3>\n\n\n\n<p>Unser Betrieb steht im Vollerwerb und unterteilt sich in die einzelnen Bereiche Ackerbau, Obstbau, Weinbau, Waldwirtschaft und Schweinemast. Die zum \u00fcberwiegenden Teil daraus gewonnenen Produkte werden auf unserem Hof verarbeitet und \u00fcber den Buschenschank und Hofladen verkauft.<\/p>\n\n\n\n<p>Wir sind stets bem\u00fcht, unseren Kunden frische und beste, b\u00e4uerliche Qualit\u00e4t anzubieten. Beim Kauf unserer K\u00e4se- und Gem\u00fcseprodukte wird auf beste, \u00f6sterreichische Qualit\u00e4t geachtet!<\/p>\n\n\n\n<p>Um diesen hohen Anforderungen gewachsen zu sein, wird st\u00e4ndig in Weiterbildung investiert. Unser Betrieb wurde mit dem Qualit\u00e4tsg\u00fctesiegel <strong>&#8222;Gutes vom Bauernhof&#8220;<\/strong> ausgezeichnet!<\/p>\n\n\n\n<ul class=\"wp-block-list\"><li>Geselchtes Allerlei<\/li><li>Speck<\/li><li>Presswurst<\/li><li>Knoblauchwurst, Haussalami, K\u00e4sewurst<\/li><li>verschiedene Aufstriche<\/li><li>Bauernbrot aus dem Holzbackofen *<\/li><li>Schmalz<\/li><li>K\u00fcrbiskern\u00f6l<\/li><li>\u00c4pfel \u2013 Birnen \u2013 Pfirsiche (zur Saison)<\/li><li>Apfelsaft, Apfel-Birnensaft, Apfel-Holundersaft<\/li><li>Pfirsichnektar, Birnennektar<\/li><li>Most<\/li><li>verschiedene Edelbr\u00e4nde und Fruchtlik\u00f6re<\/li><li>B\u00e4uerliches Buffet- und Plattenservice *<\/li><li>Bauerngeschenksk\u00f6rbe *<\/li><\/ul>\n\n\n\n<p>* Wir bitten um rechtzeitige Vorbestellung<\/p>\n\n\n\n<h5 class=\"wp-block-heading\" id=\"unser-bauernbrot-kommt-immer-frisch-aus-dem-eigenen-holzbackofen\">Unser Bauernbrot kommt immer frisch aus dem eigenen Holzbackofen<\/h5>\n\n\n<div class=\"rl-gallery-container rl-loading\" id=\"rl-gallery-container-1\" data-gallery_id=\"1429\"> <div class=\"rl-gallery rl-basicgrid-gallery \" id=\"rl-gallery-1\" data-gallery_no=\"1\"> <div class=\"rl-gallery-item\"><a href=\"https:\/\/www.mosthartl.at\/wp-content\/uploads\/2010\/02\/bb4.jpg\" title=\"\" data-rl_title=\"\" class=\"rl-gallery-link\" data-rl_caption=\"\" data-rel=\"lightbox-gallery-1\"><img loading=\"lazy\" decoding=\"async\" src=\"https:\/\/www.mosthartl.at\/wp-content\/uploads\/2010\/02\/bb4-300x168.jpg\" width=\"300\" height=\"168\" alt=\"\" \/><\/a><\/div><div class=\"rl-gallery-item\"><a href=\"https:\/\/www.mosthartl.at\/wp-content\/uploads\/2010\/02\/a1.jpg\" title=\"\" data-rl_title=\"\" class=\"rl-gallery-link\" data-rl_caption=\"\" data-rel=\"lightbox-gallery-1\"><img loading=\"lazy\" decoding=\"async\" src=\"https:\/\/www.mosthartl.at\/wp-content\/uploads\/2010\/02\/a1-300x168.jpg\" width=\"300\" height=\"168\" alt=\"\" \/><\/a><\/div><div class=\"rl-gallery-item\"><a href=\"https:\/\/www.mosthartl.at\/wp-content\/uploads\/2010\/02\/bb3.jpg\" title=\"\" data-rl_title=\"\" class=\"rl-gallery-link\" data-rl_caption=\"\" data-rel=\"lightbox-gallery-1\"><img loading=\"lazy\" decoding=\"async\" src=\"https:\/\/www.mosthartl.at\/wp-content\/uploads\/2010\/02\/bb3-300x168.jpg\" width=\"300\" height=\"168\" alt=\"\" \/><\/a><\/div><div class=\"rl-gallery-item\"><a href=\"https:\/\/www.mosthartl.at\/wp-content\/uploads\/2010\/02\/bb2.jpg\" title=\"\" data-rl_title=\"\" class=\"rl-gallery-link\" data-rl_caption=\"\" data-rel=\"lightbox-gallery-1\"><img loading=\"lazy\" decoding=\"async\" src=\"https:\/\/www.mosthartl.at\/wp-content\/uploads\/2010\/02\/bb2-300x168.jpg\" width=\"300\" height=\"168\" alt=\"\" \/><\/a><\/div><div class=\"rl-gallery-item\"><a href=\"https:\/\/www.mosthartl.at\/wp-content\/uploads\/2010\/02\/bb1.jpg\" title=\"\" data-rl_title=\"\" class=\"rl-gallery-link\" data-rl_caption=\"\" data-rel=\"lightbox-gallery-1\"><img loading=\"lazy\" decoding=\"async\" src=\"https:\/\/www.mosthartl.at\/wp-content\/uploads\/2010\/02\/bb1-300x168.jpg\" width=\"300\" height=\"168\" alt=\"\" \/><\/a><\/div><div class=\"rl-gallery-item\"><a href=\"https:\/\/www.mosthartl.at\/wp-content\/uploads\/2010\/02\/bb0.jpg\" title=\"\" data-rl_title=\"\" class=\"rl-gallery-link\" data-rl_caption=\"\" data-rel=\"lightbox-gallery-1\"><img loading=\"lazy\" decoding=\"async\" src=\"https:\/\/www.mosthartl.at\/wp-content\/uploads\/2010\/02\/bb0-300x168.jpg\" width=\"300\" height=\"168\" alt=\"\" \/><\/a><\/div> <\/div> <\/div>\n","protected":false},"excerpt":{"rendered":"<p>Schmankerl zum Mitnehmen Unser Betrieb steht im Vollerwerb und unterteilt sich in die einzelnen Bereiche Ackerbau, Obstbau, Weinbau, Waldwirtschaft und Schweinemast. Die zum \u00fcberwiegenden Teil daraus gewonnenen Produkte werden auf unserem Hof verarbeitet und \u00fcber den Buschenschank und Hofladen verkauft. &hellip;<\/p>\n<p class=\"read-more\"> <a class=\"more-link\" href=\"https:\/\/www.mosthartl.at\/?page_id=8\"> <span class=\"screen-reader-text\">Ab-Hof Verkauf<\/span> Weiterlesen &raquo;<\/a><\/p>\n","protected":false},"author":6,"featured_media":0,"parent":0,"menu_order":0,"comment_status":"closed","ping_status":"closed","template":"","meta":{"footnotes":""},"class_list":["post-8","page","type-page","status-publish","hentry"],"featured_image_src":"","featured_image_src_square":false,"rbea_author_info":{"display_name":"Reinhard","author_link":"https:\/\/www.mosthartl.at\/?author=6"},"rbea_excerpt_info":"Schmankerl zum Mitnehmen Unser Betrieb steht im Vollerwerb und unterteilt sich in die einzelnen Bereiche Ackerbau, Obstbau, Weinbau, Waldwirtschaft und Schweinemast. Die zum \u00fcberwiegenden Teil daraus gewonnenen Produkte werden auf unserem Hof verarbeitet und \u00fcber den Buschenschank und Hofladen verkauft. &hellip;<p class=\"read-more\"> <a class=\"more-link\" href=\"https:\/\/www.mosthartl.at\/?page_id=8\"> <span class=\"screen-reader-text\">Ab-Hof Verkauf<\/span> Weiterlesen &raquo;<\/a><\/p>","_links":{"self":[{"href":"https:\/\/www.mosthartl.at\/index.php?rest_route=\/wp\/v2\/pages\/8","targetHints":{"allow":["GET"]}}],"collection":[{"href":"https:\/\/www.mosthartl.at\/index.php?rest_route=\/wp\/v2\/pages"}],"about":[{"href":"https:\/\/www.mosthartl.at\/index.php?rest_route=\/wp\/v2\/types\/page"}],"author":[{"embeddable":true,"href":"https:\/\/www.mosthartl.at\/index.php?rest_route=\/wp\/v2\/users\/6"}],"replies":[{"embeddable":true,"href":"https:\/\/www.mosthartl.at\/index.php?rest_route=%2Fwp%2Fv2%2Fcomments&post=8"}],"version-history":[{"count":4,"href":"https:\/\/www.mosthartl.at\/index.php?rest_route=\/wp\/v2\/pages\/8\/revisions"}],"predecessor-version":[{"id":1430,"href":"https:\/\/www.mosthartl.at\/index.php?rest_route=\/wp\/v2\/pages\/8\/revisions\/1430"}],"wp:attachment":[{"href":"https:\/\/www.mosthartl.at\/index.php?rest_route=%2Fwp%2Fv2%2Fmedia&parent=8"}],"curies":[{"name":"wp","href":"https:\/\/api.w.org\/{rel}","templated":true}]}}